{"id":52,"date":"2024-07-16T17:21:58","date_gmt":"2024-07-16T15:21:58","guid":{"rendered":"https:\/\/3peace.nu\/?page_id=52"},"modified":"2024-07-16T18:20:28","modified_gmt":"2024-07-16T16:20:28","slug":"mental-sundhed","status":"publish","type":"page","link":"https:\/\/3peace.nu\/index.php\/mental-sundhed\/","title":{"rendered":"Mental sundhed"},"content":{"rendered":"\t\t<div data-elementor-type=\"wp-page\" data-elementor-id=\"52\" class=\"elementor elementor-52\">\n\t\t\t\t<div class=\"elementor-element elementor-element-c5857b8 e-flex e-con-boxed e-con e-parent\" data-id=\"c5857b8\" data-element_type=\"container\">\n\t\t\t\t\t<div class=\"e-con-inner\">\n\t\t\t\t<div class=\"elementor-element elementor-element-18fdf71 elementor-widget elementor-widget-text-editor\" data-id=\"18fdf71\" data-element_type=\"widget\" data-widget_type=\"text-editor.default\">\n\t\t\t\t<div class=\"elementor-widget-container\">\n\t\t\t<style>\/*! elementor - v3.23.0 - 15-07-2024 *\/\n.elementor-widget-text-editor.elementor-drop-cap-view-stacked .elementor-drop-cap{background-color:#69727d;color:#fff}.elementor-widget-text-editor.elementor-drop-cap-view-framed .elementor-drop-cap{color:#69727d;border:3px solid;background-color:transparent}.elementor-widget-text-editor:not(.elementor-drop-cap-view-default) .elementor-drop-cap{margin-top:8px}.elementor-widget-text-editor:not(.elementor-drop-cap-view-default) .elementor-drop-cap-letter{width:1em;height:1em}.elementor-widget-text-editor .elementor-drop-cap{float:left;text-align:center;line-height:1;font-size:50px}.elementor-widget-text-editor .elementor-drop-cap-letter{display:inline-block}<\/style>\t\t\t\t<p>Du er f\u00f8dt mental sund &#8211; og den del kan ikke g\u00e5 i stykker. Uanset, hvad du m\u00f8der gennem livet, s\u00e5 mister du aldrig den du er. Det er udgangspunktet for alle opl\u00e6g og samtaler &#8211; det er den essens og ro vi alle fors\u00f8ger at finde, n\u00e5r livet rammer.<br>Der er altid 2 tilstande vi kan v\u00e6re i, enten frygt\/kontrol eller tillid\/k\u00e6rlighed &#8211; den sidstn\u00e6vnte er der vi finder svarene vi s\u00f8ger.<\/p>\t\t\t\t\t\t<\/div>\n\t\t\t\t<\/div>\n\t\t\t\t\t<\/div>\n\t\t\t\t<\/div>\n\t\t<div class=\"elementor-element elementor-element-abd9a82 e-flex e-con-boxed e-con e-parent\" data-id=\"abd9a82\" data-element_type=\"container\">\n\t\t\t\t\t<div class=\"e-con-inner\">\n\t\t\t\t<div class=\"elementor-element elementor-element-4cbeb1b elementor-widget elementor-widget-text-editor\" data-id=\"4cbeb1b\" data-element_type=\"widget\" data-widget_type=\"text-editor.default\">\n\t\t\t\t<div class=\"elementor-widget-container\">\n\t\t\t\t\t\t\t<p>De Tre Principper er en indsigtsbaseret forst\u00e5else, af hvordan alle mennesker fungerer og oplever livet. De tre Principper er en forst\u00e5else af, hvordan vores sind fungerer. Vores sind har altid virket s\u00e5dan og g\u00f8r det, uanset om vi kender til forst\u00e5elsen af De Tre Principper eller ej. Helt p\u00e5 samme m\u00e5de som tyngdekraften virker for os alle sammen, uanset om vi kender til den eller ej.<\/p><p>De tre forml\u00f8se principper Livskraft, Bevidsthed og Tanke forklarer hvordan vi mennesker oplever livet, vores adf\u00e6rd og vores f\u00f8lelser. Det ser ud som om vi oplever det der sker omkring os \u2013 fx de mennesker vi er sammen med eller den situation vi befinder os i. Men vores oplevelse kommer altid kun fra, hvad vi t\u00e6nker om det, der sker omkring os. Vi tror, at vi med vores sanser opfatter virkeligheden pr\u00e6cis som den er. Og at vores f\u00f8lelser og oplevelse af livet derfor kommer direkte fra det, der sker omkring os. Men vi overser det faktum, at alt hvad der sker omkring os og som vi oplever f\u00f8rst er blevet filtreret gennem vores tanke-filter. Vi oplever s\u00e5ledes ikke virkeligheden som den er \u2013 men som vi t\u00e6nker om den.<\/p>\t\t\t\t\t\t<\/div>\n\t\t\t\t<\/div>\n\t\t\t\t\t<\/div>\n\t\t\t\t<\/div>\n\t\t\t\t<\/div>\n\t\t","protected":false},"excerpt":{"rendered":"<p>Du er f\u00f8dt mental sund &#8211; og den del kan ikke g\u00e5 i stykker. Uanset, hvad du m\u00f8der gennem livet, s\u00e5 mister du aldrig den du er. Det er udgangspunktet for alle opl\u00e6g og samtaler &#8211; det er den essens og ro vi alle fors\u00f8ger at finde, n\u00e5r livet rammer.Der er altid 2 tilstande vi&#8230;<\/p>\n","protected":false},"author":1,"featured_media":0,"parent":0,"menu_order":0,"comment_status":"closed","ping_status":"closed","template":"","meta":{"footnotes":""},"class_list":["post-52","page","type-page","status-publish","hentry"],"_links":{"self":[{"href":"https:\/\/3peace.nu\/index.php\/wp-json\/wp\/v2\/pages\/52","targetHints":{"allow":["GET"]}}],"collection":[{"href":"https:\/\/3peace.nu\/index.php\/wp-json\/wp\/v2\/pages"}],"about":[{"href":"https:\/\/3peace.nu\/index.php\/wp-json\/wp\/v2\/types\/page"}],"author":[{"embeddable":true,"href":"https:\/\/3peace.nu\/index.php\/wp-json\/wp\/v2\/users\/1"}],"replies":[{"embeddable":true,"href":"https:\/\/3peace.nu\/index.php\/wp-json\/wp\/v2\/comments?post=52"}],"version-history":[{"count":13,"href":"https:\/\/3peace.nu\/index.php\/wp-json\/wp\/v2\/pages\/52\/revisions"}],"predecessor-version":[{"id":85,"href":"https:\/\/3peace.nu\/index.php\/wp-json\/wp\/v2\/pages\/52\/revisions\/85"}],"wp:attachment":[{"href":"https:\/\/3peace.nu\/index.php\/wp-json\/wp\/v2\/media?parent=52"}],"curies":[{"name":"wp","href":"https:\/\/api.w.org\/{rel}","templated":true}]}}